{"id":297,"date":"2025-01-04T18:09:08","date_gmt":"2025-01-04T17:09:08","guid":{"rendered":"https:\/\/domaine-sea.com\/?page_id=297"},"modified":"2025-06-21T14:19:35","modified_gmt":"2025-06-21T12:19:35","slug":"la_ferme-2","status":"publish","type":"page","link":"https:\/\/domaine-sea.com\/?page_id=297","title":{"rendered":"La Ferme"},"content":{"rendered":"\t\t<div data-elementor-type=\"wp-page\" data-elementor-id=\"297\" class=\"elementor elementor-297\">\n\t\t\t\t\t\t<section class=\"elementor-section elementor-top-section elementor-element elementor-element-8c19283 elementor-section-boxed elementor-section-height-default elementor-section-height-default\" data-id=\"8c19283\" data-element_type=\"section\" data-settings=\"{&quot;background_background&quot;:&quot;classic&quot;}\">\n\t\t\t\t\t\t<div class=\"elementor-container elementor-column-gap-default\">\n\t\t\t\t\t<div class=\"elementor-column elementor-col-100 elementor-top-column elementor-element elementor-element-96de640\" data-id=\"96de640\" data-element_type=\"column\">\n\t\t\t<div class=\"elementor-widget-wrap elementor-element-populated\">\n\t\t\t\t\t\t<div class=\"elementor-element elementor-element-d4b030e elementor-widget elementor-widget-spacer\" data-id=\"d4b030e\" data-element_type=\"widget\" data-widget_type=\"spacer.default\">\n\t\t\t\t<div class=\"elementor-widget-container\">\n\t\t\t\t\t\t\t<div class=\"elementor-spacer\">\n\t\t\t<div class=\"elementor-spacer-inner\"><\/div>\n\t\t<\/div>\n\t\t\t\t\t\t<\/div>\n\t\t\t\t<\/div>\n\t\t\t\t\t<\/div>\n\t\t<\/div>\n\t\t\t\t\t<\/div>\n\t\t<\/section>\n\t\t\t\t<section class=\"elementor-section elementor-top-section elementor-element elementor-element-072696d elementor-section-boxed elementor-section-height-default elementor-section-height-default\" data-id=\"072696d\" data-element_type=\"section\">\n\t\t\t\t\t\t<div class=\"elementor-container elementor-column-gap-default\">\n\t\t\t\t\t<div class=\"elementor-column elementor-col-100 elementor-top-column elementor-element elementor-element-8c3531e\" data-id=\"8c3531e\" data-element_type=\"column\">\n\t\t\t<div class=\"elementor-widget-wrap elementor-element-populated\">\n\t\t\t\t\t\t<div class=\"elementor-element elementor-element-ded0247 elementor-widget-divider--view-line_text elementor-widget-divider--element-align-center elementor-widget elementor-widget-divider\" data-id=\"ded0247\" data-element_type=\"widget\" data-widget_type=\"divider.default\">\n\t\t\t\t<div class=\"elementor-widget-container\">\n\t\t\t\t\t\t\t<div class=\"elementor-divider\">\n\t\t\t<span class=\"elementor-divider-separator\">\n\t\t\t\t\t\t\t<span class=\"elementor-divider__text elementor-divider__element\">\n\t\t\t\tCultiver en Harmonie avec la Nature et les Hommes \t\t\t\t<\/span>\n\t\t\t\t\t\t<\/span>\n\t\t<\/div>\n\t\t\t\t\t\t<\/div>\n\t\t\t\t<\/div>\n\t\t\t\t\t<\/div>\n\t\t<\/div>\n\t\t\t\t\t<\/div>\n\t\t<\/section>\n\t\t\t\t<section class=\"elementor-section elementor-top-section elementor-element elementor-element-f097f88 elementor-section-content-middle elementor-section-full_width elementor-section-height-default elementor-section-height-default\" data-id=\"f097f88\" data-element_type=\"section\">\n\t\t\t\t\t\t<div class=\"elementor-container elementor-column-gap-default\">\n\t\t\t\t\t<div class=\"elementor-column elementor-col-100 elementor-top-column elementor-element elementor-element-1b3d18f\" data-id=\"1b3d18f\" data-element_type=\"column\">\n\t\t\t<div class=\"elementor-widget-wrap elementor-element-populated\">\n\t\t\t\t\t\t<section class=\"elementor-section elementor-inner-section elementor-element elementor-element-63f3d08 elementor-section-boxed elementor-section-height-default elementor-section-height-default\" data-id=\"63f3d08\" data-element_type=\"section\">\n\t\t\t\t\t\t<div class=\"elementor-container elementor-column-gap-default\">\n\t\t\t\t\t<div class=\"elementor-column elementor-col-50 elementor-inner-column elementor-element elementor-element-4acd311\" data-id=\"4acd311\" data-element_type=\"column\">\n\t\t\t<div class=\"elementor-widget-wrap elementor-element-populated\">\n\t\t\t\t\t\t<div class=\"elementor-element elementor-element-dd36798 elementor-widget elementor-widget-image\" data-id=\"dd36798\" data-element_type=\"widget\" data-widget_type=\"image.default\">\n\t\t\t\t<div class=\"elementor-widget-container\">\n\t\t\t\t\t\t\t\t\t\t\t\t\t\t\t<img fetchpriority=\"high\" decoding=\"async\" width=\"800\" height=\"530\" src=\"https:\/\/domaine-sea.com\/wp-content\/uploads\/2025\/01\/DSC6760-1024x678.jpg\" class=\"attachment-large size-large wp-image-252\" alt=\"\" srcset=\"https:\/\/domaine-sea.com\/wp-content\/uploads\/2025\/01\/DSC6760-1024x678.jpg 1024w, https:\/\/domaine-sea.com\/wp-content\/uploads\/2025\/01\/DSC6760-300x199.jpg 300w, https:\/\/domaine-sea.com\/wp-content\/uploads\/2025\/01\/DSC6760-768x509.jpg 768w, https:\/\/domaine-sea.com\/wp-content\/uploads\/2025\/01\/DSC6760-1536x1017.jpg 1536w, https:\/\/domaine-sea.com\/wp-content\/uploads\/2025\/01\/DSC6760-2048x1356.jpg 2048w\" sizes=\"(max-width: 800px) 100vw, 800px\" \/>\t\t\t\t\t\t\t\t\t\t\t\t\t\t\t<\/div>\n\t\t\t\t<\/div>\n\t\t\t\t<div class=\"elementor-element elementor-element-ad13b15 elementor-widget elementor-widget-image\" data-id=\"ad13b15\" data-element_type=\"widget\" data-widget_type=\"image.default\">\n\t\t\t\t<div class=\"elementor-widget-container\">\n\t\t\t\t\t\t\t\t\t\t\t\t\t\t\t<img decoding=\"async\" width=\"800\" height=\"530\" src=\"https:\/\/domaine-sea.com\/wp-content\/uploads\/2025\/01\/DSC6910-1024x678.jpg\" class=\"attachment-large size-large wp-image-229\" alt=\"\" srcset=\"https:\/\/domaine-sea.com\/wp-content\/uploads\/2025\/01\/DSC6910-1024x678.jpg 1024w, https:\/\/domaine-sea.com\/wp-content\/uploads\/2025\/01\/DSC6910-300x199.jpg 300w, https:\/\/domaine-sea.com\/wp-content\/uploads\/2025\/01\/DSC6910-768x509.jpg 768w, https:\/\/domaine-sea.com\/wp-content\/uploads\/2025\/01\/DSC6910-1536x1017.jpg 1536w, https:\/\/domaine-sea.com\/wp-content\/uploads\/2025\/01\/DSC6910-2048x1356.jpg 2048w\" sizes=\"(max-width: 800px) 100vw, 800px\" \/>\t\t\t\t\t\t\t\t\t\t\t\t\t\t\t<\/div>\n\t\t\t\t<\/div>\n\t\t\t\t\t<\/div>\n\t\t<\/div>\n\t\t\t\t<div class=\"elementor-column elementor-col-50 elementor-inner-column elementor-element elementor-element-8cd7bf6\" data-id=\"8cd7bf6\" data-element_type=\"column\">\n\t\t\t<div class=\"elementor-widget-wrap elementor-element-populated\">\n\t\t\t\t\t\t<div class=\"elementor-element elementor-element-a02da49 elementor-widget elementor-widget-heading\" data-id=\"a02da49\" data-element_type=\"widget\" data-widget_type=\"heading.default\">\n\t\t\t\t<div class=\"elementor-widget-container\">\n\t\t\t\t\t<h2 class=\"elementor-heading-title elementor-size-default\">Ferme collaborative &amp; durable<\/h2>\t\t\t\t<\/div>\n\t\t\t\t<\/div>\n\t\t\t\t<div class=\"elementor-element elementor-element-9025cde elementor-widget elementor-widget-text-editor\" data-id=\"9025cde\" data-element_type=\"widget\" data-widget_type=\"text-editor.default\">\n\t\t\t\t<div class=\"elementor-widget-container\">\n\t\t\t\t\t\t\t\t\t<ul><li><b>Une approche participative: <\/b>Notre \u00e9quipe est form\u00e9e aux pratiques durables, et nous collaborons \u00e9troitement avec des agriculteurs locaux pour partager nos savoirs et nos ressources.<\/li><li><b>Une transparence totale : <\/b>Chaque \u00e9tape de notre production est pens\u00e9e pour minimiser l\u2019impact \u00e9cologique tout en valorisant le travail des acteurs locaux.<\/li><li><b>Une vision \u00e9conomique \u00e9quitable :<\/b> Nous privil\u00e9gions les circuits courts pour maximiser les b\u00e9n\u00e9fices des communaut\u00e9s rurales.<span class=\"Apple-converted-space\">\u00a0<\/span><\/li><li><b>Notre conviction:<\/b> Cultiver autrement, c\u2019est offrir une alternative durable \u00e0 l\u2019agriculture conventionnelle qui exploite la terre, les animaux et les hommes et redonner \u00e0 la terre sa vitalit\u00e9 &#8211; ainsi qu\u2019au consommateur.<\/li><\/ul>\t\t\t\t\t\t\t\t<\/div>\n\t\t\t\t<\/div>\n\t\t\t\t\t<\/div>\n\t\t<\/div>\n\t\t\t\t\t<\/div>\n\t\t<\/section>\n\t\t\t\t\t<\/div>\n\t\t<\/div>\n\t\t\t\t\t<\/div>\n\t\t<\/section>\n\t\t\t\t<section class=\"elementor-section elementor-top-section elementor-element elementor-element-d01ed1c elementor-section-boxed elementor-section-height-default elementor-section-height-default\" data-id=\"d01ed1c\" data-element_type=\"section\">\n\t\t\t\t\t\t<div class=\"elementor-container elementor-column-gap-default\">\n\t\t\t\t\t<div class=\"elementor-column elementor-col-100 elementor-top-column elementor-element elementor-element-fb1d738\" data-id=\"fb1d738\" data-element_type=\"column\">\n\t\t\t<div class=\"elementor-widget-wrap elementor-element-populated\">\n\t\t\t\t\t\t<div class=\"elementor-element elementor-element-2ecd7bc elementor-widget-divider--view-line elementor-widget elementor-widget-divider\" data-id=\"2ecd7bc\" data-element_type=\"widget\" data-widget_type=\"divider.default\">\n\t\t\t\t<div class=\"elementor-widget-container\">\n\t\t\t\t\t\t\t<div class=\"elementor-divider\">\n\t\t\t<span class=\"elementor-divider-separator\">\n\t\t\t\t\t\t<\/span>\n\t\t<\/div>\n\t\t\t\t\t\t<\/div>\n\t\t\t\t<\/div>\n\t\t\t\t\t<\/div>\n\t\t<\/div>\n\t\t\t\t\t<\/div>\n\t\t<\/section>\n\t\t\t\t<section class=\"elementor-section elementor-top-section elementor-element elementor-element-b40ba16 elementor-section-content-middle elementor-section-full_width elementor-section-height-default elementor-section-height-default\" data-id=\"b40ba16\" data-element_type=\"section\">\n\t\t\t\t\t\t<div class=\"elementor-container elementor-column-gap-default\">\n\t\t\t\t\t<div class=\"elementor-column elementor-col-100 elementor-top-column elementor-element elementor-element-b15d3f8\" data-id=\"b15d3f8\" data-element_type=\"column\">\n\t\t\t<div class=\"elementor-widget-wrap elementor-element-populated\">\n\t\t\t\t\t\t<section class=\"elementor-section elementor-inner-section elementor-element elementor-element-cd8fe68 elementor-section-boxed elementor-section-height-default elementor-section-height-default\" data-id=\"cd8fe68\" data-element_type=\"section\">\n\t\t\t\t\t\t<div class=\"elementor-container elementor-column-gap-default\">\n\t\t\t\t\t<div class=\"elementor-column elementor-col-50 elementor-inner-column elementor-element elementor-element-af42e07\" data-id=\"af42e07\" data-element_type=\"column\">\n\t\t\t<div class=\"elementor-widget-wrap elementor-element-populated\">\n\t\t\t\t\t\t<div class=\"elementor-element elementor-element-7944fb0 elementor-widget elementor-widget-heading\" data-id=\"7944fb0\" data-element_type=\"widget\" data-widget_type=\"heading.default\">\n\t\t\t\t<div class=\"elementor-widget-container\">\n\t\t\t\t\t<h2 class=\"elementor-heading-title elementor-size-default\">L'Histoire du Projet<\/h2>\t\t\t\t<\/div>\n\t\t\t\t<\/div>\n\t\t\t\t<div class=\"elementor-element elementor-element-69ab4dc elementor-widget elementor-widget-text-editor\" data-id=\"69ab4dc\" data-element_type=\"widget\" data-widget_type=\"text-editor.default\">\n\t\t\t\t<div class=\"elementor-widget-container\">\n\t\t\t\t\t\t\t\t\t<p><strong>La ferme est n\u00e9e d\u2019un r\u00eave :<\/strong> celui de Klaas Sow, un jeune S\u00e9n\u00e9galais passionn\u00e9 par l\u2019agriculture et form\u00e9 en Allemagne dans les sciences agronomiques et environnementales de l\u2019initiative bio-dynamique de Demeter. Face aux d\u00e9fis climatiques et sociaux rencontr\u00e9s dans son pays natal, il a choisi de revenir au S\u00e9n\u00e9gal pour mettre ses connaissances au service de sa communaut\u00e9. <span class=\"Apple-converted-space\">\u00a0<\/span><\/p><p>Fond\u00e9e sur les principes de la r\u00e9silience et de la souverainet\u00e9 alimentaire, la ferme incarne sa vision d\u2019une agriculture capable de transformer des d\u00e9fis en opportunit\u00e9s. <span class=\"Apple-converted-space\">\u00a0<\/span><\/p>\t\t\t\t\t\t\t\t<\/div>\n\t\t\t\t<\/div>\n\t\t\t\t<div class=\"elementor-element elementor-element-9cdbb6b elementor-widget elementor-widget-text-editor\" data-id=\"9cdbb6b\" data-element_type=\"widget\" data-widget_type=\"text-editor.default\">\n\t\t\t\t<div class=\"elementor-widget-container\">\n\t\t\t\t\t\t\t\t\t<p><b>Pourquoi ce choix ? : <\/b>Parce que nous croyons qu\u2019une agriculture respectueuse de la nature et des animaux et la lutte pour une alimentation et un travail digne pour les hommes est essentielle pour r\u00e9pondre aux d\u00e9fis environnementaux et sociaux du XXIe si\u00e8cle, tout en offrant des produits sains et nutritifs aux cli\u00e8nts.<\/p>\t\t\t\t\t\t\t\t<\/div>\n\t\t\t\t<\/div>\n\t\t\t\t\t<\/div>\n\t\t<\/div>\n\t\t\t\t<div class=\"elementor-column elementor-col-50 elementor-inner-column elementor-element elementor-element-67c8c36\" data-id=\"67c8c36\" data-element_type=\"column\">\n\t\t\t<div class=\"elementor-widget-wrap elementor-element-populated\">\n\t\t\t\t\t\t<div class=\"elementor-element elementor-element-49bd212 elementor-widget elementor-widget-image\" data-id=\"49bd212\" data-element_type=\"widget\" data-widget_type=\"image.default\">\n\t\t\t\t<div class=\"elementor-widget-container\">\n\t\t\t\t\t\t\t\t\t\t\t\t\t\t\t<img decoding=\"async\" width=\"800\" height=\"530\" src=\"https:\/\/domaine-sea.com\/wp-content\/uploads\/2025\/01\/DSC6989-1024x678.jpg\" class=\"attachment-large size-large wp-image-205\" alt=\"\" srcset=\"https:\/\/domaine-sea.com\/wp-content\/uploads\/2025\/01\/DSC6989-1024x678.jpg 1024w, https:\/\/domaine-sea.com\/wp-content\/uploads\/2025\/01\/DSC6989-300x199.jpg 300w, https:\/\/domaine-sea.com\/wp-content\/uploads\/2025\/01\/DSC6989-768x509.jpg 768w, https:\/\/domaine-sea.com\/wp-content\/uploads\/2025\/01\/DSC6989-1536x1017.jpg 1536w, https:\/\/domaine-sea.com\/wp-content\/uploads\/2025\/01\/DSC6989-2048x1356.jpg 2048w\" sizes=\"(max-width: 800px) 100vw, 800px\" \/>\t\t\t\t\t\t\t\t\t\t\t\t\t\t\t<\/div>\n\t\t\t\t<\/div>\n\t\t\t\t<div class=\"elementor-element elementor-element-0ce3422 elementor-widget elementor-widget-image\" data-id=\"0ce3422\" data-element_type=\"widget\" data-widget_type=\"image.default\">\n\t\t\t\t<div class=\"elementor-widget-container\">\n\t\t\t\t\t\t\t\t\t\t\t\t\t\t\t<img loading=\"lazy\" decoding=\"async\" width=\"800\" height=\"530\" src=\"https:\/\/domaine-sea.com\/wp-content\/uploads\/2025\/01\/DSC6913-1024x678.jpg\" class=\"attachment-large size-large wp-image-227\" alt=\"\" srcset=\"https:\/\/domaine-sea.com\/wp-content\/uploads\/2025\/01\/DSC6913-1024x678.jpg 1024w, https:\/\/domaine-sea.com\/wp-content\/uploads\/2025\/01\/DSC6913-300x199.jpg 300w, https:\/\/domaine-sea.com\/wp-content\/uploads\/2025\/01\/DSC6913-768x509.jpg 768w, https:\/\/domaine-sea.com\/wp-content\/uploads\/2025\/01\/DSC6913-1536x1017.jpg 1536w, https:\/\/domaine-sea.com\/wp-content\/uploads\/2025\/01\/DSC6913-2048x1356.jpg 2048w\" sizes=\"(max-width: 800px) 100vw, 800px\" \/>\t\t\t\t\t\t\t\t\t\t\t\t\t\t\t<\/div>\n\t\t\t\t<\/div>\n\t\t\t\t\t<\/div>\n\t\t<\/div>\n\t\t\t\t\t<\/div>\n\t\t<\/section>\n\t\t\t\t\t<\/div>\n\t\t<\/div>\n\t\t\t\t\t<\/div>\n\t\t<\/section>\n\t\t\t\t<section class=\"elementor-section elementor-top-section elementor-element elementor-element-8059200 elementor-section-boxed elementor-section-height-default elementor-section-height-default\" data-id=\"8059200\" data-element_type=\"section\">\n\t\t\t\t\t\t<div class=\"elementor-container elementor-column-gap-default\">\n\t\t\t\t\t<div class=\"elementor-column elementor-col-100 elementor-top-column elementor-element elementor-element-d0ec704\" data-id=\"d0ec704\" data-element_type=\"column\">\n\t\t\t<div class=\"elementor-widget-wrap elementor-element-populated\">\n\t\t\t\t\t\t<div class=\"elementor-element elementor-element-4fa9e37 elementor-widget-divider--view-line elementor-widget elementor-widget-divider\" data-id=\"4fa9e37\" data-element_type=\"widget\" data-widget_type=\"divider.default\">\n\t\t\t\t<div class=\"elementor-widget-container\">\n\t\t\t\t\t\t\t<div class=\"elementor-divider\">\n\t\t\t<span class=\"elementor-divider-separator\">\n\t\t\t\t\t\t<\/span>\n\t\t<\/div>\n\t\t\t\t\t\t<\/div>\n\t\t\t\t<\/div>\n\t\t\t\t\t<\/div>\n\t\t<\/div>\n\t\t\t\t\t<\/div>\n\t\t<\/section>\n\t\t\t\t<section class=\"elementor-section elementor-top-section elementor-element elementor-element-72e39ac elementor-section-content-middle elementor-section-full_width elementor-section-height-default elementor-section-height-default\" data-id=\"72e39ac\" data-element_type=\"section\">\n\t\t\t\t\t\t<div class=\"elementor-container elementor-column-gap-default\">\n\t\t\t\t\t<div class=\"elementor-column elementor-col-100 elementor-top-column elementor-element elementor-element-c1e022b\" data-id=\"c1e022b\" data-element_type=\"column\">\n\t\t\t<div class=\"elementor-widget-wrap elementor-element-populated\">\n\t\t\t\t\t\t<section class=\"elementor-section elementor-inner-section elementor-element elementor-element-29ed989 elementor-section-boxed elementor-section-height-default elementor-section-height-default\" data-id=\"29ed989\" data-element_type=\"section\">\n\t\t\t\t\t\t<div class=\"elementor-container elementor-column-gap-default\">\n\t\t\t\t\t<div class=\"elementor-column elementor-col-50 elementor-inner-column elementor-element elementor-element-b7a4f66\" data-id=\"b7a4f66\" data-element_type=\"column\">\n\t\t\t<div class=\"elementor-widget-wrap elementor-element-populated\">\n\t\t\t\t\t\t<div class=\"elementor-element elementor-element-38cba8b elementor-widget elementor-widget-image\" data-id=\"38cba8b\" data-element_type=\"widget\" data-widget_type=\"image.default\">\n\t\t\t\t<div class=\"elementor-widget-container\">\n\t\t\t\t\t\t\t\t\t\t\t\t\t\t\t<img fetchpriority=\"high\" decoding=\"async\" width=\"800\" height=\"530\" src=\"https:\/\/domaine-sea.com\/wp-content\/uploads\/2025\/01\/DSC6760-1024x678.jpg\" class=\"attachment-large size-large wp-image-252\" alt=\"\" srcset=\"https:\/\/domaine-sea.com\/wp-content\/uploads\/2025\/01\/DSC6760-1024x678.jpg 1024w, https:\/\/domaine-sea.com\/wp-content\/uploads\/2025\/01\/DSC6760-300x199.jpg 300w, https:\/\/domaine-sea.com\/wp-content\/uploads\/2025\/01\/DSC6760-768x509.jpg 768w, https:\/\/domaine-sea.com\/wp-content\/uploads\/2025\/01\/DSC6760-1536x1017.jpg 1536w, https:\/\/domaine-sea.com\/wp-content\/uploads\/2025\/01\/DSC6760-2048x1356.jpg 2048w\" sizes=\"(max-width: 800px) 100vw, 800px\" \/>\t\t\t\t\t\t\t\t\t\t\t\t\t\t\t<\/div>\n\t\t\t\t<\/div>\n\t\t\t\t<div class=\"elementor-element elementor-element-c0395ff elementor-widget elementor-widget-image\" data-id=\"c0395ff\" data-element_type=\"widget\" data-widget_type=\"image.default\">\n\t\t\t\t<div class=\"elementor-widget-container\">\n\t\t\t\t\t\t\t\t\t\t\t\t\t\t\t<img decoding=\"async\" width=\"800\" height=\"530\" src=\"https:\/\/domaine-sea.com\/wp-content\/uploads\/2025\/01\/DSC6910-1024x678.jpg\" class=\"attachment-large size-large wp-image-229\" alt=\"\" srcset=\"https:\/\/domaine-sea.com\/wp-content\/uploads\/2025\/01\/DSC6910-1024x678.jpg 1024w, https:\/\/domaine-sea.com\/wp-content\/uploads\/2025\/01\/DSC6910-300x199.jpg 300w, https:\/\/domaine-sea.com\/wp-content\/uploads\/2025\/01\/DSC6910-768x509.jpg 768w, https:\/\/domaine-sea.com\/wp-content\/uploads\/2025\/01\/DSC6910-1536x1017.jpg 1536w, https:\/\/domaine-sea.com\/wp-content\/uploads\/2025\/01\/DSC6910-2048x1356.jpg 2048w\" sizes=\"(max-width: 800px) 100vw, 800px\" \/>\t\t\t\t\t\t\t\t\t\t\t\t\t\t\t<\/div>\n\t\t\t\t<\/div>\n\t\t\t\t\t<\/div>\n\t\t<\/div>\n\t\t\t\t<div class=\"elementor-column elementor-col-50 elementor-inner-column elementor-element elementor-element-632f6f5\" data-id=\"632f6f5\" data-element_type=\"column\">\n\t\t\t<div class=\"elementor-widget-wrap elementor-element-populated\">\n\t\t\t\t\t\t<div class=\"elementor-element elementor-element-a6d5636 elementor-widget elementor-widget-heading\" data-id=\"a6d5636\" data-element_type=\"widget\" data-widget_type=\"heading.default\">\n\t\t\t\t<div class=\"elementor-widget-container\">\n\t\t\t\t\t<h2 class=\"elementor-heading-title elementor-size-default\">Nos Animaux &amp; Plantes<\/h2>\t\t\t\t<\/div>\n\t\t\t\t<\/div>\n\t\t\t\t<div class=\"elementor-element elementor-element-3ab8f4f elementor-widget elementor-widget-text-editor\" data-id=\"3ab8f4f\" data-element_type=\"widget\" data-widget_type=\"text-editor.default\">\n\t\t\t\t<div class=\"elementor-widget-container\">\n\t\t\t\t\t\t\t\t\t<ul><li><b>Une approche participative: <\/b>Notre \u00e9quipe est form\u00e9e aux pratiques durables, et nous collaborons \u00e9troitement avec des agriculteurs locaux pour partager nos savoirs et nos ressources.<\/li><li><b>Une transparence totale : <\/b>Chaque \u00e9tape de notre production est pens\u00e9e pour minimiser l\u2019impact \u00e9cologique tout en valorisant le travail des acteurs locaux.<\/li><li><b>Une vision \u00e9conomique \u00e9quitable :<\/b> Nous privil\u00e9gions les circuits courts pour maximiser les b\u00e9n\u00e9fices des communaut\u00e9s rurales.<span class=\"Apple-converted-space\">\u00a0<\/span><\/li><li><b>Notre conviction:<\/b> Cultiver autrement, c\u2019est offrir une alternative durable \u00e0 l\u2019agriculture conventionnelle qui exploite la terre, les animaux et les hommes et redonner \u00e0 la terre sa vitalit\u00e9 &#8211; ainsi qu\u2019au consommateur.<\/li><\/ul>\t\t\t\t\t\t\t\t<\/div>\n\t\t\t\t<\/div>\n\t\t\t\t\t<\/div>\n\t\t<\/div>\n\t\t\t\t\t<\/div>\n\t\t<\/section>\n\t\t\t\t\t<\/div>\n\t\t<\/div>\n\t\t\t\t\t<\/div>\n\t\t<\/section>\n\t\t\t\t<\/div>\n\t\t","protected":false},"excerpt":{"rendered":"<p>Cultiver en Harmonie avec la Nature et les Hommes Ferme collaborative &#038; durable Une approche participative: Notre \u00e9quipe est form\u00e9e aux pratiques durables, et nous collaborons \u00e9troitement avec des agriculteurs locaux pour partager nos savoirs et nos ressources. Une transparence totale : Chaque \u00e9tape de notre production est pens\u00e9e pour minimiser l\u2019impact \u00e9cologique tout en [&hellip;]<\/p>\n","protected":false},"author":3,"featured_media":0,"parent":0,"menu_order":0,"comment_status":"closed","ping_status":"closed","template":"elementor_header_footer","meta":{"footnotes":""},"class_list":["post-297","page","type-page","status-publish","hentry"],"_links":{"self":[{"href":"https:\/\/domaine-sea.com\/index.php?rest_route=\/wp\/v2\/pages\/297","targetHints":{"allow":["GET"]}}],"collection":[{"href":"https:\/\/domaine-sea.com\/index.php?rest_route=\/wp\/v2\/pages"}],"about":[{"href":"https:\/\/domaine-sea.com\/index.php?rest_route=\/wp\/v2\/types\/page"}],"author":[{"embeddable":true,"href":"https:\/\/domaine-sea.com\/index.php?rest_route=\/wp\/v2\/users\/3"}],"replies":[{"embeddable":true,"href":"https:\/\/domaine-sea.com\/index.php?rest_route=%2Fwp%2Fv2%2Fcomments&post=297"}],"version-history":[{"count":13,"href":"https:\/\/domaine-sea.com\/index.php?rest_route=\/wp\/v2\/pages\/297\/revisions"}],"predecessor-version":[{"id":404,"href":"https:\/\/domaine-sea.com\/index.php?rest_route=\/wp\/v2\/pages\/297\/revisions\/404"}],"wp:attachment":[{"href":"https:\/\/domaine-sea.com\/index.php?rest_route=%2Fwp%2Fv2%2Fmedia&parent=297"}],"curies":[{"name":"wp","href":"https:\/\/api.w.org\/{rel}","templated":true}]}}