{"id":319,"date":"2025-01-04T18:37:27","date_gmt":"2025-01-04T17:37:27","guid":{"rendered":"https:\/\/domaine-sea.com\/?page_id=319"},"modified":"2025-06-21T14:41:03","modified_gmt":"2025-06-21T12:41:03","slug":"produits-2","status":"publish","type":"page","link":"https:\/\/domaine-sea.com\/?page_id=319","title":{"rendered":"Produits"},"content":{"rendered":"\t\t<div data-elementor-type=\"wp-page\" data-elementor-id=\"319\" class=\"elementor elementor-319\">\n\t\t\t\t\t\t<section class=\"elementor-section elementor-top-section elementor-element elementor-element-8c19283 elementor-section-boxed elementor-section-height-default elementor-section-height-default\" data-id=\"8c19283\" data-element_type=\"section\" data-settings=\"{&quot;background_background&quot;:&quot;classic&quot;}\">\n\t\t\t\t\t\t<div class=\"elementor-container elementor-column-gap-default\">\n\t\t\t\t\t<div class=\"elementor-column elementor-col-100 elementor-top-column elementor-element elementor-element-96de640\" data-id=\"96de640\" data-element_type=\"column\">\n\t\t\t<div class=\"elementor-widget-wrap elementor-element-populated\">\n\t\t\t\t\t\t<div class=\"elementor-element elementor-element-d4b030e elementor-widget elementor-widget-spacer\" data-id=\"d4b030e\" data-element_type=\"widget\" data-widget_type=\"spacer.default\">\n\t\t\t\t<div class=\"elementor-widget-container\">\n\t\t\t\t\t\t\t<div class=\"elementor-spacer\">\n\t\t\t<div class=\"elementor-spacer-inner\"><\/div>\n\t\t<\/div>\n\t\t\t\t\t\t<\/div>\n\t\t\t\t<\/div>\n\t\t\t\t\t<\/div>\n\t\t<\/div>\n\t\t\t\t\t<\/div>\n\t\t<\/section>\n\t\t\t\t<section class=\"elementor-section elementor-top-section elementor-element elementor-element-072696d elementor-section-boxed elementor-section-height-default elementor-section-height-default\" data-id=\"072696d\" data-element_type=\"section\">\n\t\t\t\t\t\t<div class=\"elementor-container elementor-column-gap-default\">\n\t\t\t\t\t<div class=\"elementor-column elementor-col-100 elementor-top-column elementor-element elementor-element-8c3531e\" data-id=\"8c3531e\" data-element_type=\"column\">\n\t\t\t<div class=\"elementor-widget-wrap elementor-element-populated\">\n\t\t\t\t\t\t<div class=\"elementor-element elementor-element-ded0247 elementor-widget-divider--view-line_text elementor-widget-divider--element-align-center elementor-widget elementor-widget-divider\" data-id=\"ded0247\" data-element_type=\"widget\" data-widget_type=\"divider.default\">\n\t\t\t\t<div class=\"elementor-widget-container\">\n\t\t\t\t\t\t\t<div class=\"elementor-divider\">\n\t\t\t<span class=\"elementor-divider-separator\">\n\t\t\t\t\t\t\t<span class=\"elementor-divider__text elementor-divider__element\">\n\t\t\t\tSains, Locaux et Respectueux de la Terre\t\t\t\t<\/span>\n\t\t\t\t\t\t<\/span>\n\t\t<\/div>\n\t\t\t\t\t\t<\/div>\n\t\t\t\t<\/div>\n\t\t\t\t\t<\/div>\n\t\t<\/div>\n\t\t\t\t\t<\/div>\n\t\t<\/section>\n\t\t\t\t<section class=\"elementor-section elementor-top-section elementor-element elementor-element-f097f88 elementor-section-content-middle elementor-section-full_width elementor-section-height-default elementor-section-height-default\" data-id=\"f097f88\" data-element_type=\"section\">\n\t\t\t\t\t\t<div class=\"elementor-container elementor-column-gap-default\">\n\t\t\t\t\t<div class=\"elementor-column elementor-col-100 elementor-top-column elementor-element elementor-element-1b3d18f\" data-id=\"1b3d18f\" data-element_type=\"column\">\n\t\t\t<div class=\"elementor-widget-wrap elementor-element-populated\">\n\t\t\t\t\t\t<section class=\"elementor-section elementor-inner-section elementor-element elementor-element-2a21b80 elementor-section-boxed elementor-section-height-default elementor-section-height-default\" data-id=\"2a21b80\" data-element_type=\"section\">\n\t\t\t\t\t\t<div class=\"elementor-container elementor-column-gap-default\">\n\t\t\t\t\t<div class=\"elementor-column elementor-col-50 elementor-inner-column elementor-element elementor-element-1173ed7\" data-id=\"1173ed7\" data-element_type=\"column\">\n\t\t\t<div class=\"elementor-widget-wrap elementor-element-populated\">\n\t\t\t\t\t\t<div class=\"elementor-element elementor-element-4030ac9 elementor-widget elementor-widget-image\" data-id=\"4030ac9\" data-element_type=\"widget\" data-widget_type=\"image.default\">\n\t\t\t\t<div class=\"elementor-widget-container\">\n\t\t\t\t\t\t\t\t\t\t\t\t\t\t\t<img fetchpriority=\"high\" decoding=\"async\" width=\"768\" height=\"1024\" src=\"https:\/\/domaine-sea.com\/wp-content\/uploads\/2025\/06\/14DD6A5C-73FE-4575-86A6-D2E227E40E56-768x1024.jpg\" class=\"attachment-large size-large wp-image-425\" alt=\"\" srcset=\"https:\/\/domaine-sea.com\/wp-content\/uploads\/2025\/06\/14DD6A5C-73FE-4575-86A6-D2E227E40E56-768x1024.jpg 768w, https:\/\/domaine-sea.com\/wp-content\/uploads\/2025\/06\/14DD6A5C-73FE-4575-86A6-D2E227E40E56-225x300.jpg 225w, https:\/\/domaine-sea.com\/wp-content\/uploads\/2025\/06\/14DD6A5C-73FE-4575-86A6-D2E227E40E56-1152x1536.jpg 1152w, https:\/\/domaine-sea.com\/wp-content\/uploads\/2025\/06\/14DD6A5C-73FE-4575-86A6-D2E227E40E56.jpg 1440w\" sizes=\"(max-width: 768px) 100vw, 768px\" \/>\t\t\t\t\t\t\t\t\t\t\t\t\t\t\t<\/div>\n\t\t\t\t<\/div>\n\t\t\t\t\t<\/div>\n\t\t<\/div>\n\t\t\t\t<div class=\"elementor-column elementor-col-50 elementor-inner-column elementor-element elementor-element-61f3957\" data-id=\"61f3957\" data-element_type=\"column\">\n\t\t\t<div class=\"elementor-widget-wrap elementor-element-populated\">\n\t\t\t\t\t\t<div class=\"elementor-element elementor-element-79de968 elementor-widget elementor-widget-heading\" data-id=\"79de968\" data-element_type=\"widget\" data-widget_type=\"heading.default\">\n\t\t\t\t<div class=\"elementor-widget-container\">\n\t\t\t\t\t<h2 class=\"elementor-heading-title elementor-size-default\">Nos \u0152ufs de Caille : Un Concentr\u00e9 de Bienfaits \u00e0 Port\u00e9e de Main !<\/h2>\t\t\t\t<\/div>\n\t\t\t\t<\/div>\n\t\t\t\t<div class=\"elementor-element elementor-element-565a099 elementor-widget elementor-widget-text-editor\" data-id=\"565a099\" data-element_type=\"widget\" data-widget_type=\"text-editor.default\">\n\t\t\t\t<div class=\"elementor-widget-container\">\n\t\t\t\t\t\t\t\t\t<p data-sourcepos=\"7:1-7:188\">Saviez-vous que ces petits tr\u00e9sors de la nature sont de v\u00e9ritables bombes nutritives ? Les \u0153ufs de caille sont non seulement d\u00e9licieux, mais ils regorgent aussi de vertus pour votre sant\u00e9.<\/p><p data-sourcepos=\"9:1-9:385\">Plus petits que les \u0153ufs de poule, les \u0153ufs de caille compensent leur taille par une densit\u00e9 nutritionnelle impressionnante. Ils sont une excellente source de <strong>prot\u00e9ines de haute qualit\u00e9<\/strong>, essentielles pour la construction et la r\u00e9paration des tissus. Riches en <strong>vitamines B<\/strong>, notamment la B12, ils contribuent au bon fonctionnement du syst\u00e8me nerveux et \u00e0 la production d&rsquo;\u00e9nergie.<\/p><p data-sourcepos=\"11:1-11:418\">Mais ce n&rsquo;est pas tout ! Les \u0153ufs de caille sont \u00e9galement dot\u00e9s d&rsquo;une quantit\u00e9 significative de <strong>fer<\/strong>, indispensable pour pr\u00e9venir l&rsquo;an\u00e9mie, et de <strong>s\u00e9l\u00e9nium<\/strong>, un puissant antioxydant qui aide \u00e0 prot\u00e9ger vos cellules des dommages. Ils contiennent \u00e9galement de la <strong>choline<\/strong>, importante pour la m\u00e9moire et la fonction h\u00e9patique. Leur teneur en <strong>vitamine A<\/strong> est b\u00e9n\u00e9fique pour la vision et le syst\u00e8me immunitaire.<\/p>\t\t\t\t\t\t\t\t<\/div>\n\t\t\t\t<\/div>\n\t\t\t\t\t<\/div>\n\t\t<\/div>\n\t\t\t\t\t<\/div>\n\t\t<\/section>\n\t\t\t\t<section class=\"elementor-section elementor-inner-section elementor-element elementor-element-ac5b59e elementor-section-boxed elementor-section-height-default elementor-section-height-default\" data-id=\"ac5b59e\" data-element_type=\"section\">\n\t\t\t\t\t\t<div class=\"elementor-container elementor-column-gap-default\">\n\t\t\t\t\t<div class=\"elementor-column elementor-col-50 elementor-inner-column elementor-element elementor-element-81f16b2\" data-id=\"81f16b2\" data-element_type=\"column\">\n\t\t\t<div class=\"elementor-widget-wrap elementor-element-populated\">\n\t\t\t\t\t\t<div class=\"elementor-element elementor-element-ec7d2d5 elementor-widget elementor-widget-text-editor\" data-id=\"ec7d2d5\" data-element_type=\"widget\" data-widget_type=\"text-editor.default\">\n\t\t\t\t<div class=\"elementor-widget-container\">\n\t\t\t\t\t\t\t\t\t<p data-sourcepos=\"13:1-13:83\">Gr\u00e2ce \u00e0 leur composition unique, les \u0153ufs de caille sont souvent recommand\u00e9s pour :<\/p><ul data-sourcepos=\"15:1-19:0\"><li data-sourcepos=\"15:1-15:38\"><strong>Renforcer le syst\u00e8me immunitaire<\/strong><\/li><li data-sourcepos=\"16:1-16:52\"><strong>Am\u00e9liorer la qualit\u00e9 de la peau et des cheveux<\/strong><\/li><li data-sourcepos=\"17:1-17:39\"><strong>Soutenir la fonction respiratoire<\/strong><\/li><li data-sourcepos=\"18:1-19:0\"><strong>Aider \u00e0 la r\u00e9cup\u00e9ration apr\u00e8s l&rsquo;effort<\/strong><\/li><\/ul><p data-sourcepos=\"20:1-20:165\"><br \/>Faciles \u00e0 dig\u00e9rer, ils peuvent \u00eatre consomm\u00e9s de multiples fa\u00e7ons : durs, mollets, en salade, ou m\u00eame dans vos plats pr\u00e9f\u00e9r\u00e9s pour une touche gourmande et nutritive.<\/p><p data-sourcepos=\"24:1-24:127\"><strong>Bonne nouvelle ! Nos \u0153ufs de caille frais sont maintenant disponibles dans la R\u00e9gion de Saint-Louis et de Thi\u00e8s au S\u00e9n\u00e9gal.<\/strong><\/p>\t\t\t\t\t\t\t\t<\/div>\n\t\t\t\t<\/div>\n\t\t\t\t\t<\/div>\n\t\t<\/div>\n\t\t\t\t<div class=\"elementor-column elementor-col-50 elementor-inner-column elementor-element elementor-element-04e1921\" data-id=\"04e1921\" data-element_type=\"column\">\n\t\t\t<div class=\"elementor-widget-wrap elementor-element-populated\">\n\t\t\t\t\t\t<div class=\"elementor-element elementor-element-c28b6a5 elementor-widget elementor-widget-image\" data-id=\"c28b6a5\" data-element_type=\"widget\" data-widget_type=\"image.default\">\n\t\t\t\t<div class=\"elementor-widget-container\">\n\t\t\t\t\t\t\t\t\t\t\t\t\t\t\t<img decoding=\"async\" width=\"768\" height=\"1024\" src=\"https:\/\/domaine-sea.com\/wp-content\/uploads\/2025\/06\/2E8721A4-8083-490E-BEA5-18A59F23799B-768x1024.jpg\" class=\"attachment-large size-large wp-image-424\" alt=\"\" srcset=\"https:\/\/domaine-sea.com\/wp-content\/uploads\/2025\/06\/2E8721A4-8083-490E-BEA5-18A59F23799B-768x1024.jpg 768w, https:\/\/domaine-sea.com\/wp-content\/uploads\/2025\/06\/2E8721A4-8083-490E-BEA5-18A59F23799B-225x300.jpg 225w, https:\/\/domaine-sea.com\/wp-content\/uploads\/2025\/06\/2E8721A4-8083-490E-BEA5-18A59F23799B-1152x1536.jpg 1152w, https:\/\/domaine-sea.com\/wp-content\/uploads\/2025\/06\/2E8721A4-8083-490E-BEA5-18A59F23799B.jpg 1440w\" sizes=\"(max-width: 768px) 100vw, 768px\" \/>\t\t\t\t\t\t\t\t\t\t\t\t\t\t\t<\/div>\n\t\t\t\t<\/div>\n\t\t\t\t\t<\/div>\n\t\t<\/div>\n\t\t\t\t\t<\/div>\n\t\t<\/section>\n\t\t\t\t\t<\/div>\n\t\t<\/div>\n\t\t\t\t\t<\/div>\n\t\t<\/section>\n\t\t\t\t<section class=\"elementor-section elementor-top-section elementor-element elementor-element-d01ed1c elementor-section-boxed elementor-section-height-default elementor-section-height-default\" data-id=\"d01ed1c\" data-element_type=\"section\">\n\t\t\t\t\t\t<div class=\"elementor-container elementor-column-gap-default\">\n\t\t\t\t\t<div class=\"elementor-column elementor-col-100 elementor-top-column elementor-element elementor-element-fb1d738\" data-id=\"fb1d738\" data-element_type=\"column\">\n\t\t\t<div class=\"elementor-widget-wrap elementor-element-populated\">\n\t\t\t\t\t\t<div class=\"elementor-element elementor-element-2ecd7bc elementor-widget-divider--view-line elementor-widget elementor-widget-divider\" data-id=\"2ecd7bc\" data-element_type=\"widget\" data-widget_type=\"divider.default\">\n\t\t\t\t<div class=\"elementor-widget-container\">\n\t\t\t\t\t\t\t<div class=\"elementor-divider\">\n\t\t\t<span class=\"elementor-divider-separator\">\n\t\t\t\t\t\t<\/span>\n\t\t<\/div>\n\t\t\t\t\t\t<\/div>\n\t\t\t\t<\/div>\n\t\t\t\t\t<\/div>\n\t\t<\/div>\n\t\t\t\t\t<\/div>\n\t\t<\/section>\n\t\t\t\t<section class=\"elementor-section elementor-top-section elementor-element elementor-element-82f226d elementor-section-content-middle elementor-section-full_width elementor-section-height-default elementor-section-height-default\" data-id=\"82f226d\" data-element_type=\"section\">\n\t\t\t\t\t\t<div class=\"elementor-container elementor-column-gap-default\">\n\t\t\t\t\t<div class=\"elementor-column elementor-col-100 elementor-top-column elementor-element elementor-element-c270005\" data-id=\"c270005\" data-element_type=\"column\">\n\t\t\t<div class=\"elementor-widget-wrap elementor-element-populated\">\n\t\t\t\t\t\t<section class=\"elementor-section elementor-inner-section elementor-element elementor-element-269f72a elementor-section-boxed elementor-section-height-default elementor-section-height-default\" data-id=\"269f72a\" data-element_type=\"section\">\n\t\t\t\t\t\t<div class=\"elementor-container elementor-column-gap-default\">\n\t\t\t\t\t<div class=\"elementor-column elementor-col-50 elementor-inner-column elementor-element elementor-element-319325e\" data-id=\"319325e\" data-element_type=\"column\">\n\t\t\t<div class=\"elementor-widget-wrap elementor-element-populated\">\n\t\t\t\t\t\t<div class=\"elementor-element elementor-element-1605c7a elementor-widget elementor-widget-image\" data-id=\"1605c7a\" data-element_type=\"widget\" data-widget_type=\"image.default\">\n\t\t\t\t<div class=\"elementor-widget-container\">\n\t\t\t\t\t\t\t\t\t\t\t\t\t\t\t<img decoding=\"async\" width=\"800\" height=\"530\" src=\"https:\/\/domaine-sea.com\/wp-content\/uploads\/2025\/01\/DSC6920-1024x678.jpg\" class=\"attachment-large size-large wp-image-222\" alt=\"\" srcset=\"https:\/\/domaine-sea.com\/wp-content\/uploads\/2025\/01\/DSC6920-1024x678.jpg 1024w, https:\/\/domaine-sea.com\/wp-content\/uploads\/2025\/01\/DSC6920-300x199.jpg 300w, https:\/\/domaine-sea.com\/wp-content\/uploads\/2025\/01\/DSC6920-768x509.jpg 768w, https:\/\/domaine-sea.com\/wp-content\/uploads\/2025\/01\/DSC6920-1536x1017.jpg 1536w, https:\/\/domaine-sea.com\/wp-content\/uploads\/2025\/01\/DSC6920-2048x1356.jpg 2048w\" sizes=\"(max-width: 800px) 100vw, 800px\" \/>\t\t\t\t\t\t\t\t\t\t\t\t\t\t\t<\/div>\n\t\t\t\t<\/div>\n\t\t\t\t\t<\/div>\n\t\t<\/div>\n\t\t\t\t<div class=\"elementor-column elementor-col-50 elementor-inner-column elementor-element elementor-element-e7d13d2\" data-id=\"e7d13d2\" data-element_type=\"column\">\n\t\t\t<div class=\"elementor-widget-wrap elementor-element-populated\">\n\t\t\t\t\t\t<div class=\"elementor-element elementor-element-f3de151 elementor-widget elementor-widget-heading\" data-id=\"f3de151\" data-element_type=\"widget\" data-widget_type=\"heading.default\">\n\t\t\t\t<div class=\"elementor-widget-container\">\n\t\t\t\t\t<h2 class=\"elementor-heading-title elementor-size-default\">Nos Produits<\/h2>\t\t\t\t<\/div>\n\t\t\t\t<\/div>\n\t\t\t\t<div class=\"elementor-element elementor-element-9676608 elementor-widget elementor-widget-text-editor\" data-id=\"9676608\" data-element_type=\"widget\" data-widget_type=\"text-editor.default\">\n\t\t\t\t<div class=\"elementor-widget-container\">\n\t\t\t\t\t\t\t\t\t<p>Nos produits sont le reflet de notre engagement : <span class=\"Apple-converted-space\">\u00a0<\/span><\/p><ul><li><p><b>Produits frais :<\/b> Agrumes, l\u00e9gumes et c\u00e9r\u00e9ales cultiv\u00e9s sans pesticides ni intrants chimiques.<\/p><\/li><li><p><b>Produits transform\u00e9s &#8211; Bient\u00f4t disponibles!<\/b> Jus de fruits, sauces, confitures, tisanes et \u00e9pices, \u00e9labor\u00e9s localement avec des m\u00e9thodes artisanales. <span class=\"Apple-converted-space\">\u00a0<\/span><\/p><\/li><li><p><b>Produits animaux : <\/b>\u0152ufs de Caille et de Poule, Lait, yaourt et fromage issus de l\u2019\u00e9levage respectueux des animaux et de leur bien-\u00eatre. <span class=\"Apple-converted-space\">\u00a0<\/span><\/p><\/li><\/ul>\t\t\t\t\t\t\t\t<\/div>\n\t\t\t\t<\/div>\n\t\t\t\t\t<\/div>\n\t\t<\/div>\n\t\t\t\t\t<\/div>\n\t\t<\/section>\n\t\t\t\t\t<\/div>\n\t\t<\/div>\n\t\t\t\t\t<\/div>\n\t\t<\/section>\n\t\t\t\t<section class=\"elementor-section elementor-top-section elementor-element elementor-element-2827acc elementor-section-boxed elementor-section-height-default elementor-section-height-default\" data-id=\"2827acc\" data-element_type=\"section\">\n\t\t\t\t\t\t<div class=\"elementor-container elementor-column-gap-default\">\n\t\t\t\t\t<div class=\"elementor-column elementor-col-100 elementor-top-column elementor-element elementor-element-df2a41f\" data-id=\"df2a41f\" data-element_type=\"column\">\n\t\t\t<div class=\"elementor-widget-wrap elementor-element-populated\">\n\t\t\t\t\t\t<div class=\"elementor-element elementor-element-50f721c elementor-widget-divider--view-line elementor-widget elementor-widget-divider\" data-id=\"50f721c\" data-element_type=\"widget\" data-widget_type=\"divider.default\">\n\t\t\t\t<div class=\"elementor-widget-container\">\n\t\t\t\t\t\t\t<div class=\"elementor-divider\">\n\t\t\t<span class=\"elementor-divider-separator\">\n\t\t\t\t\t\t<\/span>\n\t\t<\/div>\n\t\t\t\t\t\t<\/div>\n\t\t\t\t<\/div>\n\t\t\t\t\t<\/div>\n\t\t<\/div>\n\t\t\t\t\t<\/div>\n\t\t<\/section>\n\t\t\t\t<section class=\"elementor-section elementor-top-section elementor-element elementor-element-b40ba16 elementor-section-content-middle elementor-section-full_width elementor-section-height-default elementor-section-height-default\" data-id=\"b40ba16\" data-element_type=\"section\">\n\t\t\t\t\t\t<div class=\"elementor-container elementor-column-gap-default\">\n\t\t\t\t\t<div class=\"elementor-column elementor-col-100 elementor-top-column elementor-element elementor-element-b15d3f8\" data-id=\"b15d3f8\" data-element_type=\"column\">\n\t\t\t<div class=\"elementor-widget-wrap elementor-element-populated\">\n\t\t\t\t\t\t<section class=\"elementor-section elementor-inner-section elementor-element elementor-element-cd8fe68 elementor-section-boxed elementor-section-height-default elementor-section-height-default\" data-id=\"cd8fe68\" data-element_type=\"section\">\n\t\t\t\t\t\t<div class=\"elementor-container elementor-column-gap-default\">\n\t\t\t\t\t<div class=\"elementor-column elementor-col-50 elementor-inner-column elementor-element elementor-element-af42e07\" data-id=\"af42e07\" data-element_type=\"column\">\n\t\t\t<div class=\"elementor-widget-wrap elementor-element-populated\">\n\t\t\t\t\t\t<div class=\"elementor-element elementor-element-7944fb0 elementor-widget elementor-widget-heading\" data-id=\"7944fb0\" data-element_type=\"widget\" data-widget_type=\"heading.default\">\n\t\t\t\t<div class=\"elementor-widget-container\">\n\t\t\t\t\t<h2 class=\"elementor-heading-title elementor-size-default\">Notre Priorit\u00e9<\/h2>\t\t\t\t<\/div>\n\t\t\t\t<\/div>\n\t\t\t\t<div class=\"elementor-element elementor-element-9cdbb6b elementor-widget elementor-widget-text-editor\" data-id=\"9cdbb6b\" data-element_type=\"widget\" data-widget_type=\"text-editor.default\">\n\t\t\t\t<div class=\"elementor-widget-container\">\n\t\t\t\t\t\t\t\t\t<p>Offrir des produits sains et nutritifs, cultiv\u00e9s avec soin, pour contribuer \u00e0 la sant\u00e9 des consommateurs et au d\u00e9veloppement \u00e9conomique local.<\/p><ul><li>Biologiques &#8211; sans engrais artificiel<\/li><li>Sains pour l&rsquo;homme et la plan\u00e8te<\/li><li>Responsables envers les animaux et la nature<\/li><li>Agro-\u00e9cologiques<\/li><li>Durables<\/li><\/ul>\t\t\t\t\t\t\t\t<\/div>\n\t\t\t\t<\/div>\n\t\t\t\t\t<\/div>\n\t\t<\/div>\n\t\t\t\t<div class=\"elementor-column elementor-col-50 elementor-inner-column elementor-element elementor-element-67c8c36\" data-id=\"67c8c36\" data-element_type=\"column\">\n\t\t\t<div class=\"elementor-widget-wrap elementor-element-populated\">\n\t\t\t\t\t\t<div class=\"elementor-element elementor-element-49bd212 elementor-widget elementor-widget-image\" data-id=\"49bd212\" data-element_type=\"widget\" data-widget_type=\"image.default\">\n\t\t\t\t<div class=\"elementor-widget-container\">\n\t\t\t\t\t\t\t\t\t\t\t\t\t\t\t<img loading=\"lazy\" decoding=\"async\" width=\"800\" height=\"530\" src=\"https:\/\/domaine-sea.com\/wp-content\/uploads\/2025\/01\/DSC6957-1024x678.jpg\" class=\"attachment-large size-large wp-image-211\" alt=\"\" srcset=\"https:\/\/domaine-sea.com\/wp-content\/uploads\/2025\/01\/DSC6957-1024x678.jpg 1024w, https:\/\/domaine-sea.com\/wp-content\/uploads\/2025\/01\/DSC6957-300x199.jpg 300w, https:\/\/domaine-sea.com\/wp-content\/uploads\/2025\/01\/DSC6957-768x509.jpg 768w, https:\/\/domaine-sea.com\/wp-content\/uploads\/2025\/01\/DSC6957-1536x1017.jpg 1536w, https:\/\/domaine-sea.com\/wp-content\/uploads\/2025\/01\/DSC6957-2048x1356.jpg 2048w\" sizes=\"(max-width: 800px) 100vw, 800px\" \/>\t\t\t\t\t\t\t\t\t\t\t\t\t\t\t<\/div>\n\t\t\t\t<\/div>\n\t\t\t\t\t<\/div>\n\t\t<\/div>\n\t\t\t\t\t<\/div>\n\t\t<\/section>\n\t\t\t\t\t<\/div>\n\t\t<\/div>\n\t\t\t\t\t<\/div>\n\t\t<\/section>\n\t\t\t\t<\/div>\n\t\t","protected":false},"excerpt":{"rendered":"<p>Sains, Locaux et Respectueux de la Terre Nos \u0152ufs de Caille : Un Concentr\u00e9 de Bienfaits \u00e0 Port\u00e9e de Main ! Saviez-vous que ces petits tr\u00e9sors de la nature sont de v\u00e9ritables bombes nutritives ? Les \u0153ufs de caille sont non seulement d\u00e9licieux, mais ils regorgent aussi de vertus pour votre sant\u00e9. Plus petits que [&hellip;]<\/p>\n","protected":false},"author":3,"featured_media":0,"parent":0,"menu_order":0,"comment_status":"closed","ping_status":"closed","template":"elementor_header_footer","meta":{"footnotes":""},"class_list":["post-319","page","type-page","status-publish","hentry"],"_links":{"self":[{"href":"https:\/\/domaine-sea.com\/index.php?rest_route=\/wp\/v2\/pages\/319","targetHints":{"allow":["GET"]}}],"collection":[{"href":"https:\/\/domaine-sea.com\/index.php?rest_route=\/wp\/v2\/pages"}],"about":[{"href":"https:\/\/domaine-sea.com\/index.php?rest_route=\/wp\/v2\/types\/page"}],"author":[{"embeddable":true,"href":"https:\/\/domaine-sea.com\/index.php?rest_route=\/wp\/v2\/users\/3"}],"replies":[{"embeddable":true,"href":"https:\/\/domaine-sea.com\/index.php?rest_route=%2Fwp%2Fv2%2Fcomments&post=319"}],"version-history":[{"count":13,"href":"https:\/\/domaine-sea.com\/index.php?rest_route=\/wp\/v2\/pages\/319\/revisions"}],"predecessor-version":[{"id":444,"href":"https:\/\/domaine-sea.com\/index.php?rest_route=\/wp\/v2\/pages\/319\/revisions\/444"}],"wp:attachment":[{"href":"https:\/\/domaine-sea.com\/index.php?rest_route=%2Fwp%2Fv2%2Fmedia&parent=319"}],"curies":[{"name":"wp","href":"https:\/\/api.w.org\/{rel}","templated":true}]}}