{"id":321,"date":"2025-01-04T18:38:24","date_gmt":"2025-01-04T17:38:24","guid":{"rendered":"https:\/\/domaine-sea.com\/?page_id=321"},"modified":"2025-06-21T14:24:06","modified_gmt":"2025-06-21T12:24:06","slug":"participer-2","status":"publish","type":"page","link":"https:\/\/domaine-sea.com\/?page_id=321","title":{"rendered":"Participer"},"content":{"rendered":"\t\t<div data-elementor-type=\"wp-page\" data-elementor-id=\"321\" class=\"elementor elementor-321\">\n\t\t\t\t\t\t<section class=\"elementor-section elementor-top-section elementor-element elementor-element-8c19283 elementor-section-boxed elementor-section-height-default elementor-section-height-default\" data-id=\"8c19283\" data-element_type=\"section\" data-settings=\"{&quot;background_background&quot;:&quot;classic&quot;}\">\n\t\t\t\t\t\t<div class=\"elementor-container elementor-column-gap-default\">\n\t\t\t\t\t<div class=\"elementor-column elementor-col-100 elementor-top-column elementor-element elementor-element-96de640\" data-id=\"96de640\" data-element_type=\"column\">\n\t\t\t<div class=\"elementor-widget-wrap elementor-element-populated\">\n\t\t\t\t\t\t<div class=\"elementor-element elementor-element-d4b030e elementor-widget elementor-widget-spacer\" data-id=\"d4b030e\" data-element_type=\"widget\" data-widget_type=\"spacer.default\">\n\t\t\t\t<div class=\"elementor-widget-container\">\n\t\t\t\t\t\t\t<div class=\"elementor-spacer\">\n\t\t\t<div class=\"elementor-spacer-inner\"><\/div>\n\t\t<\/div>\n\t\t\t\t\t\t<\/div>\n\t\t\t\t<\/div>\n\t\t\t\t\t<\/div>\n\t\t<\/div>\n\t\t\t\t\t<\/div>\n\t\t<\/section>\n\t\t\t\t<section class=\"elementor-section elementor-top-section elementor-element elementor-element-072696d elementor-section-boxed elementor-section-height-default elementor-section-height-default\" data-id=\"072696d\" data-element_type=\"section\">\n\t\t\t\t\t\t<div class=\"elementor-container elementor-column-gap-default\">\n\t\t\t\t\t<div class=\"elementor-column elementor-col-100 elementor-top-column elementor-element elementor-element-8c3531e\" data-id=\"8c3531e\" data-element_type=\"column\">\n\t\t\t<div class=\"elementor-widget-wrap elementor-element-populated\">\n\t\t\t\t\t\t<div class=\"elementor-element elementor-element-ded0247 elementor-widget-divider--view-line_text elementor-widget-divider--element-align-center elementor-widget elementor-widget-divider\" data-id=\"ded0247\" data-element_type=\"widget\" data-widget_type=\"divider.default\">\n\t\t\t\t<div class=\"elementor-widget-container\">\n\t\t\t\t\t\t\t<div class=\"elementor-divider\">\n\t\t\t<span class=\"elementor-divider-separator\">\n\t\t\t\t\t\t\t<span class=\"elementor-divider__text elementor-divider__element\">\n\t\t\t\tVers l\u2019Avenir : Rejoignez-nous !  \t\t\t\t<\/span>\n\t\t\t\t\t\t<\/span>\n\t\t<\/div>\n\t\t\t\t\t\t<\/div>\n\t\t\t\t<\/div>\n\t\t\t\t\t<\/div>\n\t\t<\/div>\n\t\t\t\t\t<\/div>\n\t\t<\/section>\n\t\t\t\t<section class=\"elementor-section elementor-top-section elementor-element elementor-element-f097f88 elementor-section-content-middle elementor-section-full_width elementor-section-height-default elementor-section-height-default\" data-id=\"f097f88\" data-element_type=\"section\">\n\t\t\t\t\t\t<div class=\"elementor-container elementor-column-gap-default\">\n\t\t\t\t\t<div class=\"elementor-column elementor-col-100 elementor-top-column elementor-element elementor-element-1b3d18f\" data-id=\"1b3d18f\" data-element_type=\"column\">\n\t\t\t<div class=\"elementor-widget-wrap elementor-element-populated\">\n\t\t\t\t\t\t<section class=\"elementor-section elementor-inner-section elementor-element elementor-element-63f3d08 elementor-section-boxed elementor-section-height-default elementor-section-height-default\" data-id=\"63f3d08\" data-element_type=\"section\">\n\t\t\t\t\t\t<div class=\"elementor-container elementor-column-gap-default\">\n\t\t\t\t\t<div class=\"elementor-column elementor-col-50 elementor-inner-column elementor-element elementor-element-4acd311\" data-id=\"4acd311\" data-element_type=\"column\">\n\t\t\t<div class=\"elementor-widget-wrap elementor-element-populated\">\n\t\t\t\t\t\t<div class=\"elementor-element elementor-element-dd36798 elementor-widget elementor-widget-image\" data-id=\"dd36798\" data-element_type=\"widget\" data-widget_type=\"image.default\">\n\t\t\t\t<div class=\"elementor-widget-container\">\n\t\t\t\t\t\t\t\t\t\t\t\t\t\t\t<img fetchpriority=\"high\" decoding=\"async\" width=\"800\" height=\"530\" src=\"https:\/\/domaine-sea.com\/wp-content\/uploads\/2025\/01\/DSC7004-1024x678.jpg\" class=\"attachment-large size-large wp-image-200\" alt=\"\" srcset=\"https:\/\/domaine-sea.com\/wp-content\/uploads\/2025\/01\/DSC7004-1024x678.jpg 1024w, https:\/\/domaine-sea.com\/wp-content\/uploads\/2025\/01\/DSC7004-300x199.jpg 300w, https:\/\/domaine-sea.com\/wp-content\/uploads\/2025\/01\/DSC7004-768x509.jpg 768w, https:\/\/domaine-sea.com\/wp-content\/uploads\/2025\/01\/DSC7004-1536x1017.jpg 1536w, https:\/\/domaine-sea.com\/wp-content\/uploads\/2025\/01\/DSC7004-2048x1356.jpg 2048w\" sizes=\"(max-width: 800px) 100vw, 800px\" \/>\t\t\t\t\t\t\t\t\t\t\t\t\t\t\t<\/div>\n\t\t\t\t<\/div>\n\t\t\t\t<div class=\"elementor-element elementor-element-ad13b15 elementor-widget elementor-widget-image\" data-id=\"ad13b15\" data-element_type=\"widget\" data-widget_type=\"image.default\">\n\t\t\t\t<div class=\"elementor-widget-container\">\n\t\t\t\t\t\t\t\t\t\t\t\t\t\t\t<img decoding=\"async\" width=\"800\" height=\"530\" src=\"https:\/\/domaine-sea.com\/wp-content\/uploads\/2025\/01\/DSC6912-1024x678.jpg\" class=\"attachment-large size-large wp-image-228\" alt=\"\" srcset=\"https:\/\/domaine-sea.com\/wp-content\/uploads\/2025\/01\/DSC6912-1024x678.jpg 1024w, https:\/\/domaine-sea.com\/wp-content\/uploads\/2025\/01\/DSC6912-300x199.jpg 300w, https:\/\/domaine-sea.com\/wp-content\/uploads\/2025\/01\/DSC6912-768x509.jpg 768w, https:\/\/domaine-sea.com\/wp-content\/uploads\/2025\/01\/DSC6912-1536x1017.jpg 1536w, https:\/\/domaine-sea.com\/wp-content\/uploads\/2025\/01\/DSC6912-2048x1356.jpg 2048w\" sizes=\"(max-width: 800px) 100vw, 800px\" \/>\t\t\t\t\t\t\t\t\t\t\t\t\t\t\t<\/div>\n\t\t\t\t<\/div>\n\t\t\t\t\t<\/div>\n\t\t<\/div>\n\t\t\t\t<div class=\"elementor-column elementor-col-50 elementor-inner-column elementor-element elementor-element-8cd7bf6\" data-id=\"8cd7bf6\" data-element_type=\"column\">\n\t\t\t<div class=\"elementor-widget-wrap elementor-element-populated\">\n\t\t\t\t\t\t<div class=\"elementor-element elementor-element-a02da49 elementor-widget elementor-widget-heading\" data-id=\"a02da49\" data-element_type=\"widget\" data-widget_type=\"heading.default\">\n\t\t\t\t<div class=\"elementor-widget-container\">\n\t\t\t\t\t<h2 class=\"elementor-heading-title elementor-size-default\">Participer au Domaine Sea<\/h2>\t\t\t\t<\/div>\n\t\t\t\t<\/div>\n\t\t\t\t<div class=\"elementor-element elementor-element-9025cde elementor-widget elementor-widget-text-editor\" data-id=\"9025cde\" data-element_type=\"widget\" data-widget_type=\"text-editor.default\">\n\t\t\t\t<div class=\"elementor-widget-container\">\n\t\t\t\t\t\t\t\t\t<ul><li><p>La ferme agro-\u00e9cologique et bio-dynamique Domaine Sea est un projet ouvert, pr\u00eat \u00e0 accueillir les id\u00e9es, les soutiens et les collaborations. Que vous soyez consommateur, partenaire ou simple curieux, nous vous invitons \u00e0 rejoindre notre aventure pour b\u00e2tir ensemble un avenir durable et \u00e9quitable. <span class=\"Apple-converted-space\">\u00a0<\/span><\/p><\/li><\/ul>\t\t\t\t\t\t\t\t<\/div>\n\t\t\t\t<\/div>\n\t\t\t\t<div class=\"elementor-element elementor-element-987d134 elementor-widget elementor-widget-text-editor\" data-id=\"987d134\" data-element_type=\"widget\" data-widget_type=\"text-editor.default\">\n\t\t\t\t<div class=\"elementor-widget-container\">\n\t\t\t\t\t\t\t\t\t<ul><li><b>Nos prochaines \u00e9tapes envisag\u00e9es:\u00a0<\/b><\/li><li>Kickstarter \/ Crowdfunding<\/li><li>Woofing<\/li><\/ul>\t\t\t\t\t\t\t\t<\/div>\n\t\t\t\t<\/div>\n\t\t\t\t<div class=\"elementor-element elementor-element-de18e62 elementor-widget elementor-widget-text-editor\" data-id=\"de18e62\" data-element_type=\"widget\" data-widget_type=\"text-editor.default\">\n\t\t\t\t<div class=\"elementor-widget-container\">\n\t\t\t\t\t\t\t\t\t<p>Pour toute autre demande, visite de la ferme-\u00e9cole bio-dynamique ainsi que pour les demandes de stage ou de collaboration, contactez-nous!<\/p>\t\t\t\t\t\t\t\t<\/div>\n\t\t\t\t<\/div>\n\t\t\t\t<div class=\"elementor-element elementor-element-375dbee elementor-mobile-align-center elementor-align-center elementor-widget elementor-widget-button\" data-id=\"375dbee\" data-element_type=\"widget\" data-widget_type=\"button.default\">\n\t\t\t\t<div class=\"elementor-widget-container\">\n\t\t\t\t\t\t\t\t\t<div class=\"elementor-button-wrapper\">\n\t\t\t\t\t<a class=\"elementor-button elementor-button-link elementor-size-sm\" href=\"#\">\n\t\t\t\t\t\t<span class=\"elementor-button-content-wrapper\">\n\t\t\t\t\t\t<span class=\"elementor-button-icon\">\n\t\t\t\t<i aria-hidden=\"true\" class=\"fas fa-leaf\"><\/i>\t\t\t<\/span>\n\t\t\t\t\t\t\t\t\t<span class=\"elementor-button-text\">Contactez-nous!<\/span>\n\t\t\t\t\t<\/span>\n\t\t\t\t\t<\/a>\n\t\t\t\t<\/div>\n\t\t\t\t\t\t\t\t<\/div>\n\t\t\t\t<\/div>\n\t\t\t\t\t<\/div>\n\t\t<\/div>\n\t\t\t\t\t<\/div>\n\t\t<\/section>\n\t\t\t\t\t<\/div>\n\t\t<\/div>\n\t\t\t\t\t<\/div>\n\t\t<\/section>\n\t\t\t\t<\/div>\n\t\t","protected":false},"excerpt":{"rendered":"<p>Vers l\u2019Avenir : Rejoignez-nous ! Participer au Domaine Sea La ferme agro-\u00e9cologique et bio-dynamique Domaine Sea est un projet ouvert, pr\u00eat \u00e0 accueillir les id\u00e9es, les soutiens et les collaborations. Que vous soyez consommateur, partenaire ou simple curieux, nous vous invitons \u00e0 rejoindre notre aventure pour b\u00e2tir ensemble un avenir durable et \u00e9quitable. \u00a0 Nos [&hellip;]<\/p>\n","protected":false},"author":3,"featured_media":0,"parent":0,"menu_order":0,"comment_status":"closed","ping_status":"closed","template":"elementor_header_footer","meta":{"footnotes":""},"class_list":["post-321","page","type-page","status-publish","hentry"],"_links":{"self":[{"href":"https:\/\/domaine-sea.com\/index.php?rest_route=\/wp\/v2\/pages\/321","targetHints":{"allow":["GET"]}}],"collection":[{"href":"https:\/\/domaine-sea.com\/index.php?rest_route=\/wp\/v2\/pages"}],"about":[{"href":"https:\/\/domaine-sea.com\/index.php?rest_route=\/wp\/v2\/types\/page"}],"author":[{"embeddable":true,"href":"https:\/\/domaine-sea.com\/index.php?rest_route=\/wp\/v2\/users\/3"}],"replies":[{"embeddable":true,"href":"https:\/\/domaine-sea.com\/index.php?rest_route=%2Fwp%2Fv2%2Fcomments&post=321"}],"version-history":[{"count":13,"href":"https:\/\/domaine-sea.com\/index.php?rest_route=\/wp\/v2\/pages\/321\/revisions"}],"predecessor-version":[{"id":419,"href":"https:\/\/domaine-sea.com\/index.php?rest_route=\/wp\/v2\/pages\/321\/revisions\/419"}],"wp:attachment":[{"href":"https:\/\/domaine-sea.com\/index.php?rest_route=%2Fwp%2Fv2%2Fmedia&parent=321"}],"curies":[{"name":"wp","href":"https:\/\/api.w.org\/{rel}","templated":true}]}}