{"id":357,"date":"2025-01-16T13:07:16","date_gmt":"2025-01-16T12:07:16","guid":{"rendered":"https:\/\/domaine-sea.com\/?page_id=357"},"modified":"2025-01-16T13:37:03","modified_gmt":"2025-01-16T12:37:03","slug":"mentions-legales-impressum","status":"publish","type":"page","link":"https:\/\/domaine-sea.com\/?page_id=357","title":{"rendered":"Mentions l\u00e9gales &#8211; Impressum"},"content":{"rendered":"\t\t<div data-elementor-type=\"wp-page\" data-elementor-id=\"357\" class=\"elementor elementor-357\">\n\t\t\t\t\t\t<section class=\"elementor-section elementor-top-section elementor-element elementor-element-8c19283 elementor-section-boxed elementor-section-height-default elementor-section-height-default\" data-id=\"8c19283\" data-element_type=\"section\" data-settings=\"{&quot;background_background&quot;:&quot;classic&quot;}\">\n\t\t\t\t\t\t<div class=\"elementor-container elementor-column-gap-default\">\n\t\t\t\t\t<div class=\"elementor-column elementor-col-100 elementor-top-column elementor-element elementor-element-96de640\" data-id=\"96de640\" data-element_type=\"column\">\n\t\t\t<div class=\"elementor-widget-wrap elementor-element-populated\">\n\t\t\t\t\t\t<div class=\"elementor-element elementor-element-d4b030e elementor-widget elementor-widget-spacer\" data-id=\"d4b030e\" data-element_type=\"widget\" data-widget_type=\"spacer.default\">\n\t\t\t\t<div class=\"elementor-widget-container\">\n\t\t\t\t\t\t\t<div class=\"elementor-spacer\">\n\t\t\t<div class=\"elementor-spacer-inner\"><\/div>\n\t\t<\/div>\n\t\t\t\t\t\t<\/div>\n\t\t\t\t<\/div>\n\t\t\t\t\t<\/div>\n\t\t<\/div>\n\t\t\t\t\t<\/div>\n\t\t<\/section>\n\t\t\t\t<section class=\"elementor-section elementor-top-section elementor-element elementor-element-072696d elementor-section-boxed elementor-section-height-default elementor-section-height-default\" data-id=\"072696d\" data-element_type=\"section\">\n\t\t\t\t\t\t<div class=\"elementor-container elementor-column-gap-default\">\n\t\t\t\t\t<div class=\"elementor-column elementor-col-100 elementor-top-column elementor-element elementor-element-8c3531e\" data-id=\"8c3531e\" data-element_type=\"column\">\n\t\t\t<div class=\"elementor-widget-wrap elementor-element-populated\">\n\t\t\t\t\t\t<div class=\"elementor-element elementor-element-ded0247 elementor-widget-divider--view-line_text elementor-widget-divider--element-align-center elementor-widget elementor-widget-divider\" data-id=\"ded0247\" data-element_type=\"widget\" data-widget_type=\"divider.default\">\n\t\t\t\t<div class=\"elementor-widget-container\">\n\t\t\t\t\t\t\t<div class=\"elementor-divider\">\n\t\t\t<span class=\"elementor-divider-separator\">\n\t\t\t\t\t\t\t<span class=\"elementor-divider__text elementor-divider__element\">\n\t\t\t\tMentions L\u00e9gales - IMPRESSUM \u00a75 TMG\t\t\t\t<\/span>\n\t\t\t\t\t\t<\/span>\n\t\t<\/div>\n\t\t\t\t\t\t<\/div>\n\t\t\t\t<\/div>\n\t\t\t\t\t<\/div>\n\t\t<\/div>\n\t\t\t\t\t<\/div>\n\t\t<\/section>\n\t\t\t\t<section class=\"elementor-section elementor-top-section elementor-element elementor-element-f097f88 elementor-section-content-middle elementor-section-full_width elementor-section-height-default elementor-section-height-default\" data-id=\"f097f88\" data-element_type=\"section\">\n\t\t\t\t\t\t<div class=\"elementor-container elementor-column-gap-default\">\n\t\t\t\t\t<div class=\"elementor-column elementor-col-100 elementor-top-column elementor-element elementor-element-1b3d18f\" data-id=\"1b3d18f\" data-element_type=\"column\">\n\t\t\t<div class=\"elementor-widget-wrap elementor-element-populated\">\n\t\t\t\t\t\t<section class=\"elementor-section elementor-inner-section elementor-element elementor-element-63f3d08 elementor-section-boxed elementor-section-height-default elementor-section-height-default\" data-id=\"63f3d08\" data-element_type=\"section\">\n\t\t\t\t\t\t<div class=\"elementor-container elementor-column-gap-default\">\n\t\t\t\t\t<div class=\"elementor-column elementor-col-100 elementor-inner-column elementor-element elementor-element-8cd7bf6\" data-id=\"8cd7bf6\" data-element_type=\"column\">\n\t\t\t<div class=\"elementor-widget-wrap elementor-element-populated\">\n\t\t\t\t\t\t<div class=\"elementor-element elementor-element-9025cde elementor-widget elementor-widget-text-editor\" data-id=\"9025cde\" data-element_type=\"widget\" data-widget_type=\"text-editor.default\">\n\t\t\t\t<div class=\"elementor-widget-container\">\n\t\t\t\t\t\t\t\t\t<p><b>MENTIONS L\u00c9GALES SELON \u00a75 TMG<\/b><\/p>\n<p><b>Domaine Sea (Allemagne)<\/b><br>Constanze Sow<br>Heimatstra\u00dfe 4<br>79102 Freiburg im Breisgau\/ Deutschland<\/p>\n<p><b>E-Mail:<\/b> solutions-ecologiques-agricoles{at}posteo.com<br><b>Internet: <\/b>www.domaine-sea.com<\/p>\n<p><b>Responsable (S\u00e9n\u00e9gal)<\/b><br>Daouda F. C. Sow<br>Keur Seya<br>Commune de Gandon<br>Arrondissement de Rao, Saint-Louis<br>S\u00e9n\u00e9gal<\/p>\n<p><b>R\u00e9sponsable du contenu de ce site selon \u00a7 55 Abs. 2 RStV: <\/b>Constanze Sow<br><b>Objet:<\/b> Le site \u00ab Domaine Sea \u00bb est un site d\u2019information pr\u00e9sentant les actualit\u00e9s et les offres de produits par la ferme agro-\u00e9cologique et bio dynamique Domaine Sea au S\u00e9n\u00e9gal afin de pouvoir permettre aux consommateurs de se renseigner sur la ferme, la philosophie et les produits agricoles.<\/p>\n<p><b>Propri\u00e9t\u00e9 intellectuelle:<\/b> Domaine Sea est propri\u00e9taire des droits sur les textes, l\u2019architecture g\u00e9n\u00e9rale, les images anim\u00e9es ou non, les graphismes et les sons du site www.domaine-sea.com. Les marques Domaine Sea ainsi que les logos pr\u00e9sents sur le site www.domaine-sea.com sont la propri\u00e9t\u00e9 exclusive de Domaine Sea. L\u2019utilisateur qui dispose d\u2019un site internet \u00e0 titre personnel et qui d\u00e9sire placer, pour un usage personnel, sur son site un lien simple renvoyant directement \u00e0 la page d\u2019accueil du site de Domaine Sea, doit demander obligatoirement en l\u2019autorisation \u00e0 la soci\u00e9t\u00e9. Il ne s\u2019agira pas dans ce cas d\u2019une convention implicite d\u2019affiliation. En tout \u00e9tat de cause, tout lien, m\u00eame tacitement autoris\u00e9, devra \u00eatre retir\u00e9 sur simple demande de Domaine Sea.<\/p>\n<p><b>Webdesign\/ Photos\/ Textes: <\/b>Constanze Sow<\/p><p><br><\/p>\n<p><b>IMPRESSUM NACH \u00a75 TMG<\/b><\/p>\n<p><b>Domaine Sea (Deutschland):<\/b><br>Constanze Sow<br>Heimatstra\u00dfe 4<br>79102 Freiburg im Breisgau\/ Deutschland<\/p>\n<p><b>E-Mail: <\/b>solutions-ecologiques-agricoles{at}posteo.com<br><b>Internet:<\/b> www.domaine-sea.com<\/p>\n<p><b>Verantwortlicher und Inhaber (Senegal):<\/b><br>Daouda F. C. Sow<br>Keur Seya<br>Commune de Gandon<br>Arrondissement de Rao, Saint-Louis<br>S\u00e9n\u00e9gal<\/p>\n<p><b>Inhaltlich verantwortliche Person gem\u00e4\u00df \u00a7 55 Rundfunkstaatsvertrag: <\/b>Constanze Sow<br>Wir sind nicht bereit oder verpflichtet, an Streitbeilegungsverfahren vor einer Verbraucherschlichtungsstelle teilzunehmen.<\/p>\n<p><b>Haftung f\u00fcr Inhalte<\/b><br>Als Diensteanbieter sind wir gem\u00e4\u00df \u00a7 7 Abs.1 TMG f\u00fcr eigene Inhalte auf diesen Seiten nach den allgemeinen Gesetzen verantwortlich. Nach \u00a7\u00a7 8 bis 10 TMG sind wir als Diensteanbieter jedoch nicht verpflichtet, \u00fcbermittelte oder gespeicherte fremde Informationen zu \u00fcberwachen oder nach Umst\u00e4nden zu forschen, die auf eine rechtswidrige T\u00e4tigkeit hinweisen.<br>Verpflichtungen zur Entfernung oder Sperrung der Nutzung von Informationen nach den allgemeinen Gesetzen bleiben hiervon unber\u00fchrt. Eine diesbez\u00fcgliche Haftung ist jedoch erst ab dem Zeitpunkt der Kenntnis einer konkreten Rechtsverletzung m\u00f6glich. Bei Bekanntwerden von entsprechenden Rechtsverletzungen werden wir diese Inhalte umgehend entfernen.<\/p>\n<p><b>Haftung f\u00fcr Links<\/b><br>Unser Angebot enth\u00e4lt Links zu externen Webseiten Dritter, auf deren Inhalte wir keinen Einfluss haben. Deshalb k\u00f6nnen wir f\u00fcr diese fremden Inhalte auch keine Gew\u00e4hr \u00fcbernehmen. F\u00fcr die Inhalte der verlinkten Seiten ist stets der jeweilige Anbieter oder Betreiber der Seiten verantwortlich. Die verlinkten Seiten wurden zum Zeitpunkt der Verlinkung auf m\u00f6gliche Rechtsverst\u00f6\u00dfe \u00fcberpr\u00fcft. Rechtswidrige Inhalte waren zum Zeitpunkt der Verlinkung nicht erkennbar.<\/p>\n<p>Eine permanente inhaltliche Kontrolle der verlinkten Seiten ist jedoch ohne konkrete Anhaltspunkte einer Rechtsverletzung nicht zumutbar. Bei Bekanntwerden von Rechtsverletzungen werden wir derartige Links umgehend entfernen.<\/p>\n<p><b>Urheberrecht<\/b><br>Die durch die Seitenbetreiber erstellten Inhalte und Werke auf diesen Seiten unterliegen dem deutschen Urheberrecht. Die Vervielf\u00e4ltigung, Bearbeitung, Verbreitung und jede Art der Verwertung au\u00dferhalb der Grenzen des Urheberrechtes bed\u00fcrfen der schriftlichen Zustimmung des jeweiligen Autors bzw. Erstellers. Downloads und Kopien dieser Seite sind nur f\u00fcr den privaten, nicht kommerziellen Gebrauch gestattet.<\/p>\n<p>Soweit die Inhalte auf dieser Seite nicht vom Betreiber erstellt wurden, werden die Urheberrechte Dritter beachtet. Insbesondere werden Inhalte Dritter als solche gekennzeichnet. Sollten Sie trotzdem auf eine Urheberrechtsverletzung aufmerksam werden, bitten wir um einen entsprechenden Hinweis. Bei Bekanntwerden von Rechtsverletzungen werden wir derartige Inhalte umgehend entfernen.<\/p>\n<p><b>Quelle:<\/b> eRecht24<\/p>\n<p><b>Webdesign\/ Fotos\/ Texte:<\/b> Constanze Sow<\/p>\t\t\t\t\t\t\t\t<\/div>\n\t\t\t\t<\/div>\n\t\t\t\t\t<\/div>\n\t\t<\/div>\n\t\t\t\t\t<\/div>\n\t\t<\/section>\n\t\t\t\t\t<\/div>\n\t\t<\/div>\n\t\t\t\t\t<\/div>\n\t\t<\/section>\n\t\t\t\t<\/div>\n\t\t","protected":false},"excerpt":{"rendered":"<p>Mentions L\u00e9gales &#8211; IMPRESSUM \u00a75 TMG MENTIONS L\u00c9GALES SELON \u00a75 TMG Domaine Sea (Allemagne)Constanze SowHeimatstra\u00dfe 479102 Freiburg im Breisgau\/ Deutschland E-Mail: solutions-ecologiques-agricoles{at}posteo.comInternet: www.domaine-sea.com Responsable (S\u00e9n\u00e9gal)Daouda F. C. SowKeur SeyaCommune de GandonArrondissement de Rao, Saint-LouisS\u00e9n\u00e9gal R\u00e9sponsable du contenu de ce site selon \u00a7 55 Abs. 2 RStV: Constanze SowObjet: Le site \u00ab Domaine Sea \u00bb est [&hellip;]<\/p>\n","protected":false},"author":3,"featured_media":0,"parent":0,"menu_order":0,"comment_status":"closed","ping_status":"closed","template":"elementor_header_footer","meta":{"footnotes":""},"class_list":["post-357","page","type-page","status-publish","hentry"],"_links":{"self":[{"href":"https:\/\/domaine-sea.com\/index.php?rest_route=\/wp\/v2\/pages\/357","targetHints":{"allow":["GET"]}}],"collection":[{"href":"https:\/\/domaine-sea.com\/index.php?rest_route=\/wp\/v2\/pages"}],"about":[{"href":"https:\/\/domaine-sea.com\/index.php?rest_route=\/wp\/v2\/types\/page"}],"author":[{"embeddable":true,"href":"https:\/\/domaine-sea.com\/index.php?rest_route=\/wp\/v2\/users\/3"}],"replies":[{"embeddable":true,"href":"https:\/\/domaine-sea.com\/index.php?rest_route=%2Fwp%2Fv2%2Fcomments&post=357"}],"version-history":[{"count":11,"href":"https:\/\/domaine-sea.com\/index.php?rest_route=\/wp\/v2\/pages\/357\/revisions"}],"predecessor-version":[{"id":370,"href":"https:\/\/domaine-sea.com\/index.php?rest_route=\/wp\/v2\/pages\/357\/revisions\/370"}],"wp:attachment":[{"href":"https:\/\/domaine-sea.com\/index.php?rest_route=%2Fwp%2Fv2%2Fmedia&parent=357"}],"curies":[{"name":"wp","href":"https:\/\/api.w.org\/{rel}","templated":true}]}}